{"id":42,"date":"2018-04-30T06:20:03","date_gmt":"2018-04-30T06:20:03","guid":{"rendered":"http:\/\/rarathemesdemo.com\/rara-business\/?page_id=42"},"modified":"2020-08-23T01:27:49","modified_gmt":"2020-08-23T01:27:49","slug":"who-we-are","status":"publish","type":"page","link":"https:\/\/pcbittucuman.esy.es\/index.php\/who-we-are\/","title":{"rendered":"\u00bfQui\u00e9nes Somos?"},"content":{"rendered":"<p>PcBit Soluciones Inform\u00e1ticas Profesionales nace en el a\u00f1o 2010. Nos dedicamos a brindar servicios a la comunidad, ofreciendo reparaciones de PC a bajo costo a las personas que no pod\u00edan acceder a un Service de alto precio, pero con la calidad de un Servicio Profesional. Al Principio solo reparabamos Pcs, pero el rubro fue aumentando. Hoy tenemos una amplia variedad de servicio, que va desde la Reparaci\u00f3n , Recuperaci\u00f3n de Datos, Cableados de Redes, Instalaciones de Programas, Recuperaci\u00f3n de Vhs , Dise\u00f1o y Desarrollo Web y Gr\u00e1fico. Gracias a la gente hemos podido crecer continuamente.<\/p>\n","protected":false},"excerpt":{"rendered":"<p>Business is the activity of making one&#8217;s living or making money by producing or buying and selling goods or services. Simply put, it is any activity or enterprise entered into for profit. It does not mean it is a company, a corporation, partnership, or have any such formal organization, but it can range from a street peddler to General Motors.The term is also often used colloquially but not by lawyers or public officials to refer to a company, but this article will not deal with that sense of the word.<\/p>\n","protected":false},"author":1,"featured_media":298,"parent":0,"menu_order":0,"comment_status":"closed","ping_status":"closed","template":"","meta":{"footnotes":""},"class_list":["post-42","page","type-page","status-publish","has-post-thumbnail","hentry"],"_links":{"self":[{"href":"https:\/\/pcbittucuman.esy.es\/index.php\/wp-json\/wp\/v2\/pages\/42","targetHints":{"allow":["GET"]}}],"collection":[{"href":"https:\/\/pcbittucuman.esy.es\/index.php\/wp-json\/wp\/v2\/pages"}],"about":[{"href":"https:\/\/pcbittucuman.esy.es\/index.php\/wp-json\/wp\/v2\/types\/page"}],"author":[{"embeddable":true,"href":"https:\/\/pcbittucuman.esy.es\/index.php\/wp-json\/wp\/v2\/users\/1"}],"replies":[{"embeddable":true,"href":"https:\/\/pcbittucuman.esy.es\/index.php\/wp-json\/wp\/v2\/comments?post=42"}],"version-history":[{"count":2,"href":"https:\/\/pcbittucuman.esy.es\/index.php\/wp-json\/wp\/v2\/pages\/42\/revisions"}],"predecessor-version":[{"id":297,"href":"https:\/\/pcbittucuman.esy.es\/index.php\/wp-json\/wp\/v2\/pages\/42\/revisions\/297"}],"wp:featuredmedia":[{"embeddable":true,"href":"https:\/\/pcbittucuman.esy.es\/index.php\/wp-json\/wp\/v2\/media\/298"}],"wp:attachment":[{"href":"https:\/\/pcbittucuman.esy.es\/index.php\/wp-json\/wp\/v2\/media?parent=42"}],"curies":[{"name":"wp","href":"https:\/\/api.w.org\/{rel}","templated":true}]}}